{"id":948,"date":"2023-12-16T15:26:54","date_gmt":"2023-12-16T15:26:54","guid":{"rendered":"https:\/\/urologenteam.de\/start\/?page_id=948"},"modified":"2026-03-22T16:53:01","modified_gmt":"2026-03-22T16:53:01","slug":"aktuelles","status":"publish","type":"page","link":"https:\/\/urologenteam.de\/start\/aktuelles","title":{"rendered":"Aktuelles"},"content":{"rendered":"\n  \n    \n    <section class=\"u-clearfix u-palette-1-dark-1 u-section-2\" id=\"sec-6926\">\n      <div class=\"u-clearfix u-sheet u-valign-middle u-sheet-1\">\n        <div class=\"data-layout-selected u-clearfix u-expanded-width u-layout-wrap u-layout-wrap-1\">\n          <div class=\"u-layout\">\n            <div class=\"u-layout-row\">\n              <div class=\"u-container-style u-layout-cell u-size-30 u-layout-cell-1\">\n                <div class=\"u-container-layout u-container-layout-1\">\n                  <p class=\"u-text u-text-default u-text-1\"><span style=\"font-weight: 700;\"><\/span>Am Donnerstag Nachmittag sind wir aus personellen Gr\u00fcnden nur eingeschr\u00e4nkt telefonisch erreichbar.<br>\n                    <br><span style=\"font-weight: 700;\"><\/span>\n                    <br>\n                  <\/p>\n                <\/div>\n              <\/div>\n              <div class=\"u-container-style u-layout-cell u-size-30 u-layout-cell-2\">\n                <div class=\"u-container-layout u-container-layout-2\">\n                  <p class=\"u-align-center u-text u-text-white u-text-2\"><span style=\"font-weight: 700; font-size: 1.5rem;\">Vom&nbsp;<\/span>\n                    <br><span style=\"font-weight: 700; font-size: 1.5rem;\">30.3.26 bis 2.4.26<\/span>\n                    <br><span style=\"font-weight: 700;\">ist die Praxis geschlossen!<\/span>\n                    <br>\n                    <br>Unsere Vertretung:<br>Urodoc<br>Pr\u00fcner Gang 15, 24103 Kiel<br>Tel.: 0431-2604290<span style=\"font-weight: 700; font-size: 1.5rem;\">.<\/span>\n                  <\/p>\n                  <p class=\"u-align-center u-text u-text-3\">. <\/p>\n                <\/div>\n              <\/div>\n            <\/div>\n          <\/div>\n        <\/div>\n      <\/div>\n    <\/section>\n    \n    \n    \n  \n","protected":false},"excerpt":{"rendered":"<p>Am Donnerstag Nachmittag sind wir aus personellen Gr\u00fcnden nur eingeschr\u00e4nkt telefonisch erreichbar. Vom&nbsp; 30.3.26 bis 2.4.26 ist die Praxis geschlossen! Unsere Vertretung:UrodocPr\u00fcner Gang 15, 24103 KielTel.: 0431-2604290. .<\/p>\n","protected":false},"author":1,"featured_media":0,"parent":0,"menu_order":0,"comment_status":"closed","ping_status":"closed","template":"","meta":{"footnotes":""},"class_list":["post-948","page","type-page","status-publish","hentry"],"_links":{"self":[{"href":"https:\/\/urologenteam.de\/start\/wp-json\/wp\/v2\/pages\/948","targetHints":{"allow":["GET"]}}],"collection":[{"href":"https:\/\/urologenteam.de\/start\/wp-json\/wp\/v2\/pages"}],"about":[{"href":"https:\/\/urologenteam.de\/start\/wp-json\/wp\/v2\/types\/page"}],"author":[{"embeddable":true,"href":"https:\/\/urologenteam.de\/start\/wp-json\/wp\/v2\/users\/1"}],"replies":[{"embeddable":true,"href":"https:\/\/urologenteam.de\/start\/wp-json\/wp\/v2\/comments?post=948"}],"version-history":[{"count":39,"href":"https:\/\/urologenteam.de\/start\/wp-json\/wp\/v2\/pages\/948\/revisions"}],"predecessor-version":[{"id":1215,"href":"https:\/\/urologenteam.de\/start\/wp-json\/wp\/v2\/pages\/948\/revisions\/1215"}],"wp:attachment":[{"href":"https:\/\/urologenteam.de\/start\/wp-json\/wp\/v2\/media?parent=948"}],"curies":[{"name":"wp","href":"https:\/\/api.w.org\/{rel}","templated":true}]}}