{"id":1086,"date":"2025-01-22T16:31:57","date_gmt":"2025-01-22T16:31:57","guid":{"rendered":"https:\/\/urologenteam.de\/start\/impressum"},"modified":"2025-01-22T16:32:05","modified_gmt":"2025-01-22T16:32:05","slug":"impressum","status":"publish","type":"page","link":"https:\/\/urologenteam.de\/start\/impressum","title":{"rendered":"Impressum"},"content":{"rendered":"\n  \n    <section class=\"u-clearfix u-grey-5 u-section-1\" id=\"sec-5847\">\n      <div class=\"u-clearfix u-sheet u-sheet-1\">\n        <p class=\"u-text u-text-default u-text-1\">\n          <span style=\"font-weight: 700;\">Impressum <\/span>\n          <br>\n          <br>Gemeinschaftspraxis<br>Dr. Ulrike Winkler \/ Malte Pelz<br>Kaiserstr. 2 \u2013 6<br>24534 Neum\u00fcnster<br>Tel.: 04321 \u2013 851333<br>E-Mail: kontakt(\u00e4t)urologenteam.de&nbsp;<br>\n          <br>Verantwortlich f\u00fcr den Inhalt nach dem TDG \u00a7 6 sind:&nbsp;<br>Frau Dr. Ulrike Winkler und Herr Malte Pelz,&nbsp;<br>Kaisertsr. 2 \u2013 6,&nbsp;<br>24534 Neum\u00fcnster&nbsp;<br>\n          <br>\n          <span style=\"font-weight: 700;\">Nutzungsbedingungen \/ Haftungsausschluss:<\/span>\n          <br>Der Inhalt der Homepage: urologenteam.de ist ausschlie\u00dflich zu Informationszwecken bestimmt.&nbsp;Die Informationen sind kein Ersatz f\u00fcr professionelle Beratungen oder Behandlungen durch ausgebildete und anerkannte \u00c4rzte.&nbsp;Bei Gesundheitsproblemen fordern wir Sie dazu auf, einen Arzt aufzusuchen. Fragen hierzu wird Ihnen der Arzt Ihres Vertrauens beantworten. Wir raten dringend davor ab, Behandlungen eigenst\u00e4ndig zu beginnen, zu ver\u00e4ndern oder abzusetzen.Wir weisen darauf hin, dass die genannten Links Hinweise auf fremde Webseiten sind, auf deren Inhalte wir keinen Einfluss haben. F\u00fcr die Inhalte dieser Seiten schlie\u00dfen wir hiermit jegliche Verantwortung aus.<br>\n          <br>Die Nutzung unserer Webseite setzt das Akzeptieren der vorgenannten Nutzungsbedingungen voraus.&nbsp;<br>\n          <br>Zust\u00e4ndige \u00c4rztekammer:&nbsp;\u00c4rztekammer Schleswig-Holstein (http:\/\/www.aeksh.de)&nbsp;hier finden Sie Informationen zur Berufsordnung und dem Heilberufegesetz&nbsp;<br>\n          <br>Zust\u00e4ndige KV:Kassen\u00e4rztliche Vereinigung Schleswig-Holstein (http:\/\/www.kvsh.de)\n        <\/p>\n      <\/div>\n    <\/section>\n    \n    \n    \n    \n  \n","protected":false},"excerpt":{"rendered":"<p>Impressum GemeinschaftspraxisDr. Ulrike Winkler \/ Malte PelzKaiserstr. 2 \u2013 624534 Neum\u00fcnsterTel.: 04321 \u2013 851333E-Mail: kontakt(\u00e4t)urologenteam.de&nbsp; Verantwortlich f\u00fcr den Inhalt nach dem TDG \u00a7 6 sind:&nbsp;Frau Dr. Ulrike Winkler und Herr Malte Pelz,&nbsp;Kaisertsr. 2 \u2013 6,&nbsp;24534 Neum\u00fcnster&nbsp; Nutzungsbedingungen \/ Haftungsausschluss: Der Inhalt der Homepage: urologenteam.de ist ausschlie\u00dflich zu Informationszwecken bestimmt.&nbsp;Die Informationen sind kein Ersatz f\u00fcr professionelle &hellip; <a href=\"https:\/\/urologenteam.de\/start\/impressum\" class=\"more-link\">Continue reading<span class=\"screen-reader-text\"> &#8222;Impressum&#8220;<\/span><\/a><\/p>\n","protected":false},"author":1,"featured_media":0,"parent":0,"menu_order":11,"comment_status":"closed","ping_status":"closed","template":"","meta":{"footnotes":""},"class_list":["post-1086","page","type-page","status-publish","hentry"],"_links":{"self":[{"href":"https:\/\/urologenteam.de\/start\/wp-json\/wp\/v2\/pages\/1086","targetHints":{"allow":["GET"]}}],"collection":[{"href":"https:\/\/urologenteam.de\/start\/wp-json\/wp\/v2\/pages"}],"about":[{"href":"https:\/\/urologenteam.de\/start\/wp-json\/wp\/v2\/types\/page"}],"author":[{"embeddable":true,"href":"https:\/\/urologenteam.de\/start\/wp-json\/wp\/v2\/users\/1"}],"replies":[{"embeddable":true,"href":"https:\/\/urologenteam.de\/start\/wp-json\/wp\/v2\/comments?post=1086"}],"version-history":[{"count":1,"href":"https:\/\/urologenteam.de\/start\/wp-json\/wp\/v2\/pages\/1086\/revisions"}],"predecessor-version":[{"id":1097,"href":"https:\/\/urologenteam.de\/start\/wp-json\/wp\/v2\/pages\/1086\/revisions\/1097"}],"wp:attachment":[{"href":"https:\/\/urologenteam.de\/start\/wp-json\/wp\/v2\/media?parent=1086"}],"curies":[{"name":"wp","href":"https:\/\/api.w.org\/{rel}","templated":true}]}}