{"id":1080,"date":"2025-01-22T16:31:51","date_gmt":"2025-01-22T16:31:51","guid":{"rendered":"https:\/\/urologenteam.de\/start\/start"},"modified":"2026-02-23T08:32:58","modified_gmt":"2026-02-23T08:32:58","slug":"start","status":"publish","type":"page","link":"https:\/\/urologenteam.de\/start\/","title":{"rendered":"Start"},"content":{"rendered":"\n  \n    \n    <section class=\"u-clearfix u-gradient u-section-2\" id=\"sec-a6fb\">\n      <div class=\"u-clearfix u-sheet u-sheet-1\">\n        <p class=\"u-align-center u-text u-text-body-alt-color u-text-default u-text-1\"> Wir bitten um Ihr Verst\u00e4ndnis, dass wir Patienten mit akuten Beschwerden nicht jederzeit einschieben k\u00f6nnen. Bestandspatienten bitten wir sich zu Beginn der Sprechstunde vorstellen.<\/p>\n        <div class=\"data-layout-selected u-clearfix u-expanded-width u-gutter-10 u-layout-wrap u-layout-wrap-1\">\n          <div class=\"u-gutter-0 u-layout\">\n            <div class=\"u-layout-row\" style=\"\">\n              <div class=\"u-size-30 u-size-60-md\" style=\"\">\n                <div class=\"u-layout-row\" style=\"\">\n                  <div class=\"u-align-left u-container-align-left u-container-style u-image u-layout-cell u-left-cell u-size-60 u-image-1\" src=\"\" data-image-width=\"800\" data-image-height=\"600\" style=\"background-image: url(&quot;https:\/\/urologenteam.de\/wp-content\/uploads\/2025\/01\/Anmeldung-rein800x600.png&quot;);\">\n                    <div class=\"u-container-layout u-valign-middle u-container-layout-1\" src=\"\"><\/div>\n                  <\/div>\n                <\/div>\n              <\/div>\n              <div class=\"u-size-30 u-size-60-md\" style=\"\">\n                <div class=\"u-layout-col\" style=\"\">\n                  <div class=\"u-align-left u-container-align-left u-container-style u-layout-cell u-palette-1-dark-1 u-right-cell u-size-40 u-layout-cell-2\">\n                    <div class=\"u-container-layout u-valign-middle u-container-layout-2\">\n                      <p class=\"u-align-center u-text u-text-2\"><span style=\"font-size: 1.5rem; font-weight: 700;\">Wir begr\u00fc\u00dfen Sie herzlich in unserer urologischen Praxis.&nbsp;<\/span>\n                        <br>\n                        <br>Wir bieten Ihnen ein umfangreiches Spektrum der modernen Urologie. \n                      <\/p>\n                    <\/div>\n                  <\/div>\n                  <div class=\"u-align-left u-container-align-left u-container-style u-layout-cell u-palette-1-dark-1 u-right-cell u-size-20 u-layout-cell-3\">\n                    <div class=\"u-container-layout u-container-layout-3\">\n                      <h2 class=\"u-text u-text-default u-text-3\">Tel.: 04321 - 851 333<\/h2>\n                      <p class=\"u-text u-text-4\"><span style=\"font-weight: 700;\">Terminvereinbarungen<\/span> sind nur pers\u00f6nlich oder telefonisch m\u00f6glich. Anfragen hierzu per Mail k\u00f6nnen wir leider nicht beantworten.<br><span style=\"font-weight: 700;\">Terminabsagen<\/span> k\u00f6nnen auch per E-Mail erfolgen. \n                      <\/p>\n                    <\/div>\n                  <\/div>\n                <\/div>\n              <\/div>\n            <\/div>\n          <\/div>\n        <\/div>\n      <\/div>\n    <\/section>\n    <section class=\"u-align-center u-clearfix u-container-align-center u-palette-1-light-2 u-section-3\" id=\"sec-f049\">\n      <div class=\"u-clearfix u-sheet u-valign-middle u-sheet-1\">\n        <p class=\"u-text u-text-body-alt-color u-text-1\">.<\/p>\n      <\/div>\n    <\/section>\n    <section class=\"u-clearfix u-palette-1-light-2 u-section-4\" id=\"sec-ba06\">\n      <div class=\"u-clearfix u-sheet u-sheet-1\">\n        <img decoding=\"async\" class=\"u-image u-image-round u-radius-10 u-image-1\" src=\"https:\/\/urologenteam.de\/wp-content\/uploads\/2025\/01\/Portrait-U.png\" alt=\"\" data-image-width=\"300\" data-image-height=\"299\">\n        <img decoding=\"async\" class=\"u-image u-image-round u-radius-10 u-image-2\" src=\"https:\/\/urologenteam.de\/wp-content\/uploads\/2025\/01\/Portrait-M.png\" alt=\"\" data-image-width=\"300\" data-image-height=\"260\">\n        <div class=\"u-clearfix u-expanded-width u-layout-wrap u-layout-wrap-1\">\n          <div class=\"u-layout\">\n            <div class=\"u-layout-row\">\n              <div class=\"u-align-center u-container-align-center u-container-style u-layout-cell u-left-cell u-palette-1-light-1 u-size-20 u-size-20-md u-layout-cell-1\">\n                <div class=\"u-container-layout u-valign-middle u-container-layout-1\"><span class=\"u-file-icon u-icon u-icon-1\"><img decoding=\"async\" src=\"https:\/\/urologenteam.de\/wp-content\/uploads\/2025\/01\/apple-touch-icon-120x120-precomposed.png\" alt=\"\"><\/span>\n                  <h3 class=\"u-text u-text-body-alt-color u-text-1\">\n                    <a class=\"u-active-none u-border-none u-btn u-button-link u-button-style u-hover-none u-none u-text-body-alt-color u-btn-1\" href=\"https:\/\/urologenteam.de\/start\/ueber-uns\">\u00fcber uns<\/a>\n                  <\/h3>\n                  <p class=\"u-text u-text-body-alt-color u-text-2\">\n                    <a href=\"https:\/\/urologenteam.de\/start\/ueber-uns\" class=\"u-active-none u-border-none u-btn u-button-link u-button-style u-hover-none u-none u-text-body-alt-color u-btn-2\">Die Wahl des Arztes ist immer eine Frage des Vertrauens.<br>Hier einige pers\u00f6nliche Daten, die Ihnen die Entscheidung hoffentlich erleichtert. \n                    <\/a>\n                    <br>\n                  <\/p>\n                <\/div>\n              <\/div>\n              <div class=\"u-align-center u-container-align-center u-container-style u-layout-cell u-palette-1-dark-1 u-size-20 u-size-20-md u-layout-cell-2\">\n                <div class=\"u-container-layout u-valign-middle u-container-layout-2\"><span class=\"u-file-icon u-icon u-icon-2\"><img decoding=\"async\" src=\"https:\/\/urologenteam.de\/wp-content\/uploads\/2025\/01\/apple-touch-icon-120x120-precomposed.png\" alt=\"\"><\/span>\n                  <h3 class=\"u-text u-text-body-alt-color u-text-3\">\n                    <a href=\"https:\/\/urologenteam.de\/start\/leistungsspektrum\" class=\"u-active-none u-border-none u-btn u-button-link u-button-style u-hover-none u-none u-text-body-alt-color u-btn-3\">LEISTUNGSANGEBOT<\/a>\n                  <\/h3>\n                  <p class=\"u-text u-text-body-alt-color u-text-4\">\n                    <a href=\"https:\/\/urologenteam.de\/start\/leistungsspektrum\" class=\"u-active-none u-border-none u-btn u-button-link u-button-style u-hover-none u-none u-text-body-alt-color u-btn-4\"> In unserer Praxis bieten wir Ihnen die M\u00f6glichkeit in einer modernen, freundlichen Atmosph\u00e4re Untersuchungen professionell durchzuf\u00fchren zu lassen.<\/a>\n                  <\/p>\n                <\/div>\n              <\/div>\n              <div class=\"u-align-center u-container-align-center u-container-style u-layout-cell u-palette-1-dark-2 u-right-cell u-size-20 u-size-20-md u-layout-cell-3\">\n                <div class=\"u-container-layout u-valign-middle u-container-layout-3\"><span class=\"u-icon u-icon-circle u-text-body-alt-color u-icon-3\"><svg class=\"u-svg-link\" preserveAspectRatio=\"xMidYMin slice\" viewBox=\"0 0 60.141 60.141\" style=\"undefined\"><use xmlns:xlink=\"http:\/\/www.w3.org\/1999\/xlink\" xlink:href=\"#svg-80ab\"><\/use><\/svg><svg class=\"u-svg-content\" viewBox=\"0 0 60.141 60.141\" x=\"0px\" y=\"0px\" id=\"svg-80ab\" style=\"enable-background:new 0 0 60.141 60.141;\"><g><path d=\"M53.455,13.354C47.903,4.073,39.439-0.763,30.184,0.098C23.506,0.72,19.071,3.017,17.004,6.927   c-3.506,6.627,1.196,15.285,1.398,15.65l0.281,0.511l0.583,0.006c0.015,0,0.244,0.009,0.619,0.078   c-0.827,1.455-1.305,3.132-1.305,4.922v10c0,8.822-7.178,16-16,16c-0.553,0-1,0.447-1,1s0.447,1,1,1   c9.768,0,17.728-7.827,17.977-17.537c2.498-2.34,5.78-3.248,8.939-2.741c0.421,2.08,0.704,4.489,0.782,7.305   c0.197,7.116,1.985,12.114,5.315,14.857c2.268,1.869,4.649,2.162,5.921,2.162c0.397,0,0.686-0.028,0.83-0.047   c0.031,0.001,0.063,0.001,0.096,0.001c4.688-0.001,8.299-1.478,10.73-4.392c4.397-5.269,3.453-13.474,3.157-15.396   C60.165,34.045,58.964,22.565,53.455,13.354z M26.305,27.731c-1.883,1.069-3.901,2.901-5.726,6.004v-5.641   c0-1.576,0.464-3.043,1.254-4.283C23.163,24.43,24.814,25.587,26.305,27.731z M22.154,35.01c1.679-2.946,3.508-4.625,5.186-5.564   c0.624,1.189,1.19,2.6,1.658,4.277C26.66,33.5,24.292,33.928,22.154,35.01z M51.634,54.422c-2.034,2.438-5.128,3.673-9.197,3.673   c-0.051,0-0.102-0.001-0.152-0.001l-0.167,0.013c-0.112,0.017-2.767,0.402-5.289-1.7c-2.802-2.335-4.376-6.947-4.552-13.34   c-0.069-2.501-0.293-4.71-0.63-6.674c1.416,0.538,2.757,1.375,3.932,2.521v3.636c0,0.553,0.447,1,1,1s1-0.447,1-1v-3h3   c0.553,0,1-0.447,1-1s-0.447-1-1-1h-3.53c-1.716-1.697-3.74-2.83-5.862-3.416c-0.522-2.169-1.197-3.978-1.961-5.486   c0.216-0.063,0.429-0.118,0.633-0.16c2.218-0.457,3.971,0.181,4.416,0.625l2.829,2.83c0.195,0.195,0.451,0.293,0.707,0.293   s0.512-0.098,0.707-0.293c0.391-0.391,0.391-1.023,0-1.414l-2.121-2.122l2.121-2.121c0.391-0.391,0.391-1.023,0-1.414   s-1.023-0.391-1.414,0l-2.244,2.244c-1.241-0.67-3.226-1.036-5.405-0.586c-0.4,0.083-0.821,0.195-1.258,0.344   c-1.604-2.44-3.433-3.852-5.018-4.665c1.425-1.308,3.317-2.114,5.399-2.114h4c0.553,0,1-0.447,1-1s-0.447-1-1-1h-3v-3   c0-0.553-0.447-1-1-1s-1,0.447-1,1v3.051c-2.54,0.253-4.794,1.468-6.416,3.265c-0.501-0.141-0.926-0.219-1.246-0.262   c-0.871-1.794-3.73-8.411-1.144-13.292C20.508,4.585,24.41,2.644,30.37,2.09c8.451-0.786,16.228,3.695,21.369,12.29   c5.241,8.764,6.404,19.58,2.705,25.161l-0.226,0.339l0.076,0.4C54.311,40.37,55.937,49.267,51.634,54.422z\"><\/path><path d=\"M52.667,32.079c-0.079-0.102-0.176-0.187-0.286-0.252c-0.003-0.001-0.004-0.004-0.006-0.006l0,0h0   c-2.083-1.203-3.566-3.119-4.176-5.395c-0.61-2.276-0.283-4.678,0.92-6.761c0.012-0.02,0.011-0.043,0.021-0.063   c0.047-0.096,0.088-0.197,0.103-0.305c0.035-0.263-0.036-0.529-0.198-0.74c-0.161-0.21-0.399-0.348-0.661-0.382   c-0.132-0.017-0.265-0.009-0.392,0.025c-2.327,0.622-4.748,0.303-6.829-0.898c-2.08-1.201-3.569-3.143-4.191-5.467   c-0.142-0.533-0.69-0.851-1.225-0.707c-0.533,0.143-0.85,0.691-0.707,1.225c0.761,2.84,2.58,5.213,5.123,6.682   c1.693,0.978,3.574,1.477,5.479,1.477c0.306,0,0.613-0.035,0.92-0.06c-0.759,2.086-0.873,4.333-0.295,6.493   c0.578,2.156,1.797,4.042,3.493,5.469c-4.709,2.228-7.316,7.574-5.921,12.782c0.119,0.447,0.523,0.741,0.965,0.741   c0.086,0,0.173-0.011,0.26-0.034c0.533-0.143,0.85-0.691,0.707-1.225c-1.284-4.794,1.57-9.739,6.363-11.023   c0.003-0.001,0.004-0.003,0.007-0.003c0.111-0.031,0.213-0.086,0.309-0.153c0.023-0.016,0.045-0.032,0.066-0.05   c0.087-0.073,0.166-0.156,0.226-0.26c0.012-0.02,0.011-0.043,0.021-0.063c0.047-0.096,0.088-0.197,0.103-0.305   C52.901,32.556,52.829,32.29,52.667,32.079z\"><\/path>\n<\/g><\/svg><\/span>\n                  <h3 class=\"u-text u-text-body-alt-color u-text-5\">\n                    <a href=\"https:\/\/urologenteam.de\/start\/termine-sprechzeiten\" class=\"u-active-none u-border-none u-btn u-button-link u-button-style u-hover-none u-none u-text-body-alt-color u-btn-5\">SPRECHSTUNDEN<\/a>\n                  <\/h3>\n                  <p class=\"u-text u-text-body-alt-color u-text-6\">\n                    <a href=\"https:\/\/urologenteam.de\/start\/termine-sprechzeiten\" class=\"u-active-none u-border-none u-btn u-button-link u-button-style u-hover-none u-none u-text-body-alt-color u-btn-6\">Hier erfahren Sie mehr \u00fcber unsere Sprechstunden. Besondere \u00d6ffnungszeiten z.B. w\u00e4hrend oder zwischen Feiertagen finden Sie auch unter<\/a>\n                    <a href=\"https:\/\/urologenteam.de\/start\/start\" class=\"u-active-none u-border-none u-btn u-button-link u-button-style u-hover-none u-none u-text-body-alt-color u-btn-7\">AKTUELLES.<\/a>\n                  <\/p>\n                <\/div>\n              <\/div>\n            <\/div>\n          <\/div>\n        <\/div>\n      <\/div>\n    <\/section>\n    <section class=\"u-clearfix u-palette-1-light-2 u-section-5\" id=\"sec-f6b1\">\n      <div class=\"u-clearfix u-sheet u-sheet-1\">\n        <div class=\"u-expanded-width u-list u-list-1\">\n          <div class=\"u-repeater u-repeater-1\">\n            <div class=\"u-container-style u-custom-item u-list-item u-palette-1-dark-2 u-repeater-item u-list-item-1\">\n              <div class=\"u-container-layout u-similar-container u-container-layout-1\"><span class=\"u-file-icon u-icon u-icon-1\"><img decoding=\"async\" src=\"https:\/\/urologenteam.de\/wp-content\/uploads\/2025\/01\/apple-touch-icon-120x120-precomposed.png\" alt=\"\"><\/span>\n                <h3 class=\"u-text u-text-default u-text-1\">Aktuelles<\/h3>\n                <p class=\"u-text u-text-2\">Am Donnerstag sind wir am Nachmittag nur eingeschr\u00e4nkt telefonisch erreichbar.<br>\n                  <br>Tagesaktuelle Informationen unter Men\u00fcpunkt \"AKTUELLES\"\n                <\/p>\n              <\/div>\n            <\/div>\n            <div class=\"u-container-style u-custom-item u-list-item u-palette-1-light-1 u-repeater-item u-list-item-2\">\n              <div class=\"u-container-layout u-similar-container u-container-layout-2\"><span class=\"u-file-icon u-icon u-icon-2\"><img decoding=\"async\" src=\"https:\/\/urologenteam.de\/wp-content\/uploads\/2025\/01\/apple-touch-icon-120x120-precomposed.png\" alt=\"\"><\/span>\n                <h3 class=\"u-text u-text-default u-text-3\">Gemeinsam stark<\/h3>\n                <p class=\"u-text u-text-4\">Um Ihnen ein m\u00f6glichst gute Behandlung zu erm\u00f6glichen, arbeiten wir mit Kollegen und Kliniken partnerschaftlich zusammen.<br>Abh\u00e4ngig von der Art er Erkrankung empfehlen wir u.a. das FEK Neum\u00fcnster, die Regio Kliniken Elmshorn sowie die Universit\u00e4tskliniken Hamburg und Kiel. \n                <\/p>\n              <\/div>\n            <\/div>\n          <\/div>\n        <\/div>\n      <\/div>\n    <\/section>\n    \n    \n    \n  \n","protected":false},"excerpt":{"rendered":"<p>Wir bitten um Ihr Verst\u00e4ndnis, dass wir Patienten mit akuten Beschwerden nicht jederzeit einschieben k\u00f6nnen. Bestandspatienten bitten wir sich zu Beginn der Sprechstunde vorstellen. Wir begr\u00fc\u00dfen Sie herzlich in unserer urologischen Praxis.&nbsp; Wir bieten Ihnen ein umfangreiches Spektrum der modernen Urologie. Tel.: 04321 &#8211; 851 333 Terminvereinbarungen sind nur pers\u00f6nlich oder telefonisch m\u00f6glich. Anfragen hierzu &hellip; <a href=\"https:\/\/urologenteam.de\/start\/\" class=\"more-link\">Continue reading<span class=\"screen-reader-text\"> &#8222;Start&#8220;<\/span><\/a><\/p>\n","protected":false},"author":1,"featured_media":0,"parent":0,"menu_order":5,"comment_status":"closed","ping_status":"closed","template":"","meta":{"footnotes":""},"class_list":["post-1080","page","type-page","status-publish","hentry"],"_links":{"self":[{"href":"https:\/\/urologenteam.de\/start\/wp-json\/wp\/v2\/pages\/1080","targetHints":{"allow":["GET"]}}],"collection":[{"href":"https:\/\/urologenteam.de\/start\/wp-json\/wp\/v2\/pages"}],"about":[{"href":"https:\/\/urologenteam.de\/start\/wp-json\/wp\/v2\/types\/page"}],"author":[{"embeddable":true,"href":"https:\/\/urologenteam.de\/start\/wp-json\/wp\/v2\/users\/1"}],"replies":[{"embeddable":true,"href":"https:\/\/urologenteam.de\/start\/wp-json\/wp\/v2\/comments?post=1080"}],"version-history":[{"count":9,"href":"https:\/\/urologenteam.de\/start\/wp-json\/wp\/v2\/pages\/1080\/revisions"}],"predecessor-version":[{"id":1202,"href":"https:\/\/urologenteam.de\/start\/wp-json\/wp\/v2\/pages\/1080\/revisions\/1202"}],"wp:attachment":[{"href":"https:\/\/urologenteam.de\/start\/wp-json\/wp\/v2\/media?parent=1080"}],"curies":[{"name":"wp","href":"https:\/\/api.w.org\/{rel}","templated":true}]}}