{"id":1079,"date":"2025-01-22T16:31:50","date_gmt":"2025-01-22T16:31:50","guid":{"rendered":"https:\/\/urologenteam.de\/start\/vorsorge-mann"},"modified":"2025-01-22T16:32:00","modified_gmt":"2025-01-22T16:32:00","slug":"vorsorge-mann","status":"publish","type":"page","link":"https:\/\/urologenteam.de\/start\/vorsorge-mann","title":{"rendered":"Vorsorge Mann"},"content":{"rendered":"\n  \n    <section class=\"u-align-center u-clearfix u-container-align-center u-gradient u-section-1\" id=\"sec-0e53\">\n      <div class=\"u-clearfix u-sheet u-sheet-1\">\n        <div class=\"u-container-style u-group u-palette-1-dark-1 u-group-1\">\n          <div class=\"u-container-layout u-container-layout-1\">\n            <h2 class=\"u-align-center u-text u-text-default u-text-1\">Fr\u00fcherkennung&nbsp;<br>zw. 20 + 45 Jahren\n            <\/h2>\n            <div class=\"u-border-3 u-border-palette-3-base u-line u-line-horizontal u-line-1\"><\/div>\n            <p class=\"u-align-left u-text u-text-2\"> Fr\u00fcherkennung von rebserkrankungen betrifft nicht nur \u00e4ltere Menschen. <br>\n              <br>Der Hodenkrebs z. B. tritt zwischen dem 20. und 40. Lebensjahr am h\u00e4ufigsten auf. <br>\n              <br>Rechtzeitiges Erkennen bringt Heilung! <br>\n              <br>Da\u00fcber hinaus bieten wir Untersuchungen der Blase, Nieren und Prostata an. <br>\n              <br>Je fr\u00fcher eine Erkrankung erkannt wird, desto besser sind die Therapiem\u00f6glichkeiten.\n            <\/p>\n          <\/div>\n        <\/div>\n        <div class=\"u-container-style u-group u-palette-1-dark-1 u-group-2\">\n          <div class=\"u-container-layout u-container-layout-2\">\n            <h2 class=\"u-align-center u-text u-text-default u-text-3\">Erweiterte Vorsorge&nbsp;<br>ab 45 Jahren\n            <\/h2>\n            <div class=\"u-border-3 u-border-palette-3-base u-line u-line-horizontal u-line-2\"><\/div>\n            <p class=\"u-align-left u-text u-text-4\">Die gesetzlichen Krankenkassen \u00fcbernehmen im Rahmen der Vorsorge die Tastuntersuchung der Prostata. Bei dieser Untersuchungsart werden kleine Tumore oft nicht erkannt. Die M\u00f6glichkeit einer fr\u00fchzeitigen Behandlung wird vers\u00e4umt. <br>\n              <br>Die Bestimmung des Prostatamarkers PSA und die Ultraschalluntersuchung der Prostata erh\u00f6hen die Fr\u00fcherkennungsrate erheblich. <br>\n              <br>Prostatakrebs ist heilbar wenn er fr\u00fchzeitig entdeckt wird!\n            <\/p>\n          <\/div>\n        <\/div>\n        <img decoding=\"async\" class=\"u-image u-image-contain u-image-default u-preserve-proportions u-image-1\" src=\"https:\/\/urologenteam.de\/wp-content\/uploads\/2025\/01\/Mann-large.gif\" alt=\"\" data-image-width=\"110\" data-image-height=\"150\">\n      <\/div>\n    <\/section>\n    <section class=\"u-align-center u-clearfix u-container-align-center u-palette-1-light-2 u-section-2\" id=\"sec-45fe\">\n      <div class=\"u-clearfix u-sheet u-sheet-1\">\n        <div class=\"u-container-style u-group u-palette-1-dark-1 u-group-1\">\n          <div class=\"u-container-layout u-container-layout-1\">\n            <h2 class=\"u-align-center u-text u-text-default u-text-1\">weitere Untersuchungen<br>zur Fr\u00fcherkennung\n            <\/h2>\n            <div class=\"u-border-3 u-border-palette-3-base u-line u-line-horizontal u-line-1\"><\/div>\n            <p class=\"u-align-center u-text u-text-2\"> Zur Fr\u00fcherkennung von Nieren- oder Blasenkrebserkrankungen sind Urin- und Ultraschalluntersuchungen sinnvoll. <br>\n              <br>im Rahmen der Vorsorgeleistungen werden diese Untersuchungen von der gesetzlichen Krankenkasse nicht \u00fcbernommen. <br>\n              <br>\n            <\/p>\n          <\/div>\n        <\/div>\n        <div class=\"u-container-style u-expanded-width-lg u-expanded-width-md u-expanded-width-sm u-expanded-width-xl u-group u-palette-1-dark-1 u-group-2\">\n          <div class=\"u-container-layout u-container-layout-2\">\n            <h2 class=\"u-align-center u-text u-text-default u-text-3\">PSA-Bestimmung<\/h2>\n            <div class=\"u-border-3 u-border-palette-3-base u-line u-line-horizontal u-line-2\"><\/div>\n            <p class=\"u-align-left u-text u-text-4\">\n              <a href=\"\" class=\"u-border-1 u-border-hover-palette-3-base u-border-no-left u-border-no-right u-border-no-top u-border-white u-btn u-button-style u-none u-text-body-alt-color u-text-hover-palette-3-base u-btn-1\">\n                <span style=\"font-weight: 700;\"><\/span>\n              <\/a>\n              <span style=\"font-weight: 700;\">PSA - was ist das? <br>\n              <\/span>Das Prostata-spezifische Antigen (PSA) ist ein Protein (Eiwei\u00df), das von den Zellen der Prostata gebildet wird.Die H\u00f6he des PSA-Wertes ist individuell sehr unterschiedlich und h\u00e4ngt von verschiedenen Faktoren ab. Je gr\u00f6\u00dfer die Prostata und damit die Anzahl der Zellen ist, um so h\u00f6her ist der PSA-Spiegel. Mit zunehmendem Alter w\u00e4chst die Prostata und der PSA-Wert steigt. Weitere Faktoren die den PSA-Wert beeinflussen k\u00f6nnen sind: Erkrankungen und Reizungen der Prostata, Sport (z.B. Radfahren), Geschlechtsverkehr und verschiedene Medikamente.\n            <\/p>\n            <img decoding=\"async\" class=\"u-image u-image-contain u-image-default u-preserve-proportions u-image-1\" src=\"https:\/\/urologenteam.de\/wp-content\/uploads\/2025\/01\/prostata320.gif\" alt=\"\" data-image-width=\"150\" data-image-height=\"94\">\n            <p class=\"u-align-left u-text u-text-5\">\n              <span style=\"font-weight: 700;\">Warum PSA bestimmen? <\/span>\n              <br>Tumorzellen in der Prostata haben die Eigenschaft, sehr viel mehr PSA zu bilden als gesunde Zellen (bis zu 10 mal so viel). Ein Anstieg des PSA-Wertes kann somit auf einen Tumor hinweisen. Wichtig es daher, den PSA-Wert regelm\u00e4\u00dfig einmal im Jahr zu kontrollieren, um den Verlauf dieses Wertes beurteilen zu k\u00f6nnen. <br>Wir empfehlen eine Woche vor dem vereinbarten Vorsorgetermin zur Blutentnahme zu uns zu kommen. Dann liegt der Wert bei der Untersuchung vor und kann mit dem Arzt bepsochen werden.\n            <\/p>\n            <p class=\"u-align-left u-text u-text-6\">\n              <span style=\"font-weight: 700;\">P<\/span>\n              <span style=\"font-weight: 700;\">SA-Bestimmung - Kosten <\/span>\n              <br>Die gesetzlichen Krankenkassen \u00fcbernehmen im Rahmen der Vorsorge nur die Tastuntersuchung der Prostata. Sehr kleine Tumore k\u00f6nnen hierbei oft nicht entdeckt werden. Die Kosten f\u00fcr die Bestimmung des PSA-Wertes liegen derzeit nach der Geb\u00fchrenordnung f\u00fcr \u00c4rzte bei 24,31\u20ac. Von diesem Betrag erh\u00e4lt der Urologe anteilig 3,15\u20ac f\u00fcr die Blutentnahme und das Versenden der Blutprobe in das Labor.&nbsp;<br>\n              <br>\n              <span style=\"font-weight: 700;\">Beurteilen Sie daher selbst, ob die PSA-Bestimmung f\u00fcr Sie wichtig ist.<\/span>\n            <\/p>\n          <\/div>\n        <\/div>\n      <\/div>\n    <\/section>\n    \n    \n    \n    \n  \n","protected":false},"excerpt":{"rendered":"<p>Fr\u00fcherkennung&nbsp;zw. 20 + 45 Jahren Fr\u00fcherkennung von rebserkrankungen betrifft nicht nur \u00e4ltere Menschen. Der Hodenkrebs z. B. tritt zwischen dem 20. und 40. Lebensjahr am h\u00e4ufigsten auf. Rechtzeitiges Erkennen bringt Heilung! Da\u00fcber hinaus bieten wir Untersuchungen der Blase, Nieren und Prostata an. Je fr\u00fcher eine Erkrankung erkannt wird, desto besser sind die Therapiem\u00f6glichkeiten. Erweiterte Vorsorge&nbsp;ab &hellip; <a href=\"https:\/\/urologenteam.de\/start\/vorsorge-mann\" class=\"more-link\">Continue reading<span class=\"screen-reader-text\"> &#8222;Vorsorge Mann&#8220;<\/span><\/a><\/p>\n","protected":false},"author":1,"featured_media":0,"parent":0,"menu_order":4,"comment_status":"closed","ping_status":"closed","template":"","meta":{"footnotes":""},"class_list":["post-1079","page","type-page","status-publish","hentry"],"_links":{"self":[{"href":"https:\/\/urologenteam.de\/start\/wp-json\/wp\/v2\/pages\/1079","targetHints":{"allow":["GET"]}}],"collection":[{"href":"https:\/\/urologenteam.de\/start\/wp-json\/wp\/v2\/pages"}],"about":[{"href":"https:\/\/urologenteam.de\/start\/wp-json\/wp\/v2\/types\/page"}],"author":[{"embeddable":true,"href":"https:\/\/urologenteam.de\/start\/wp-json\/wp\/v2\/users\/1"}],"replies":[{"embeddable":true,"href":"https:\/\/urologenteam.de\/start\/wp-json\/wp\/v2\/comments?post=1079"}],"version-history":[{"count":1,"href":"https:\/\/urologenteam.de\/start\/wp-json\/wp\/v2\/pages\/1079\/revisions"}],"predecessor-version":[{"id":1090,"href":"https:\/\/urologenteam.de\/start\/wp-json\/wp\/v2\/pages\/1079\/revisions\/1090"}],"wp:attachment":[{"href":"https:\/\/urologenteam.de\/start\/wp-json\/wp\/v2\/media?parent=1079"}],"curies":[{"name":"wp","href":"https:\/\/api.w.org\/{rel}","templated":true}]}}