{"id":1078,"date":"2025-01-22T16:31:49","date_gmt":"2025-01-22T16:31:49","guid":{"rendered":"https:\/\/urologenteam.de\/start\/ueber-uns"},"modified":"2025-01-22T16:32:00","modified_gmt":"2025-01-22T16:32:00","slug":"ueber-uns","status":"publish","type":"page","link":"https:\/\/urologenteam.de\/start\/ueber-uns","title":{"rendered":"\u00fcber uns"},"content":{"rendered":"\n  \n    <section class=\"skrollable u-align-center u-clearfix u-palette-1-light-1 u-section-1\" src=\"\" id=\"sec-1467\">\n      <div class=\"u-clearfix u-sheet u-valign-top-xs u-sheet-1\">\n        <div class=\"u-container-style u-expanded-width-md u-expanded-width-sm u-expanded-width-xs u-group u-palette-1-dark-1 u-shape-rectangle u-group-1\">\n          <div class=\"u-container-layout u-container-layout-1\">\n            <p class=\"u-text u-text-body-alt-color u-text-default u-text-1\">\n              <span style=\"font-weight: 700;\">Dr. Ulrike Winkler<\/span>\n              <br>\n              <span style=\"font-size: 0.75rem;\">Fach\u00e4rztin f\u00fcr Urologie<br>niedergelassen seit 2001\n              <\/span>\n            <\/p>\n            <p class=\"u-text u-text-default u-text-2\">\n              <span style=\"font-weight: 700;\">Malte Pelz<\/span>\n              <br>\n              <span style=\"font-size: 0.75rem;\">Facharzt f\u00fcr Urologie<br>niedergelassen seit 2014\n              <\/span>\n            <\/p>\n            <img decoding=\"async\" class=\"u-image u-image-round u-radius-10 u-image-1\" src=\"https:\/\/urologenteam.de\/wp-content\/uploads\/2025\/01\/Malte380.png\" alt=\"\" data-image-width=\"380\" data-image-height=\"285\">\n            <img decoding=\"async\" class=\"u-image u-image-round u-radius-10 u-image-2\" src=\"https:\/\/urologenteam.de\/wp-content\/uploads\/2025\/01\/Ulrike380px.png\" alt=\"\" data-image-width=\"380\" data-image-height=\"285\">\n          <\/div>\n        <\/div>\n      <\/div>\n    <\/section>\n    <section class=\"u-align-center u-clearfix u-palette-1-light-1 u-section-2\" id=\"sec-c822\">\n      <div class=\"u-clearfix u-sheet u-sheet-1\">\n        <div class=\"u-container-style u-expanded-width-md u-expanded-width-sm u-expanded-width-xs u-group u-palette-1-dark-1 u-group-1\">\n          <div class=\"u-container-layout u-valign-bottom-sm u-valign-bottom-xs u-container-layout-1\">\n            <h2 class=\"u-align-center u-text u-text-default u-text-1\">Zusatzqualifikationen<\/h2>\n            <div class=\"u-border-3 u-border-palette-3-base u-line u-line-horizontal u-line-1\"><\/div>\n            <p class=\"u-align-center-xs u-align-left-lg u-align-left-md u-align-left-sm u-align-left-xl u-text u-text-default u-text-2\">Dr. U. Winkler<br>Medikament\u00f6se Tumortherapie<br>psychosomatische Grundversorgung\n            <\/p>\n            <p class=\"u-align-center-lg u-align-center-md u-align-center-xl u-align-left-sm u-align-left-xs u-text u-text-default u-text-3\">M. Pelz<br>Medikament\u00f6se Tumortherapie\n            <\/p>\n          <\/div>\n        <\/div>\n      <\/div>\n    <\/section>\n    <section class=\"u-clearfix u-palette-1-light-1 u-section-3\" id=\"sec-cbb0\">\n      <div class=\"u-clearfix u-sheet u-sheet-1\"><\/div>\n    <\/section>\n    <section class=\"u-align-center u-clearfix u-palette-1-light-1 u-section-4\" id=\"sec-ca5a\">\n      <div class=\"u-clearfix u-sheet u-sheet-1\">\n        <div class=\"u-container-style u-expanded-width-md u-expanded-width-sm u-expanded-width-xs u-group u-palette-1-dark-1 u-group-1\">\n          <div class=\"u-container-layout u-container-layout-1\">\n            <h2 class=\"u-align-center u-text u-text-default u-text-1\">Schwerpunkte<\/h2>\n            <div class=\"u-border-3 u-border-palette-3-base u-line u-line-horizontal u-line-1\"><\/div>\n            <p class=\"u-align-center u-text u-text-default u-text-2\">M. Pelz<br>Urologische Onkologie<br>Harninkontinenz<br>M\u00e4nnerkrankheiten\/<br>Erektionsst\u00f6rungen<br>Ambulante Operationen\n            <\/p>\n            <p class=\"u-align-center u-text u-text-3\">Dr. U. Winkler<br>Urologische Onkologie<br>Urologie der Frau<br>Harninkontinenz<br>Kinderurologie\n            <\/p>\n          <\/div>\n        <\/div>\n      <\/div>\n    <\/section>\n    \n    \n    \n    \n  \n","protected":false},"excerpt":{"rendered":"<p>Dr. Ulrike Winkler Fach\u00e4rztin f\u00fcr Urologieniedergelassen seit 2001 Malte Pelz Facharzt f\u00fcr Urologieniedergelassen seit 2014 Zusatzqualifikationen Dr. U. WinklerMedikament\u00f6se Tumortherapiepsychosomatische Grundversorgung M. PelzMedikament\u00f6se Tumortherapie Schwerpunkte M. PelzUrologische OnkologieHarninkontinenzM\u00e4nnerkrankheiten\/Erektionsst\u00f6rungenAmbulante Operationen Dr. U. WinklerUrologische OnkologieUrologie der FrauHarninkontinenzKinderurologie<\/p>\n","protected":false},"author":1,"featured_media":0,"parent":0,"menu_order":3,"comment_status":"closed","ping_status":"closed","template":"","meta":{"footnotes":""},"class_list":["post-1078","page","type-page","status-publish","hentry"],"_links":{"self":[{"href":"https:\/\/urologenteam.de\/start\/wp-json\/wp\/v2\/pages\/1078","targetHints":{"allow":["GET"]}}],"collection":[{"href":"https:\/\/urologenteam.de\/start\/wp-json\/wp\/v2\/pages"}],"about":[{"href":"https:\/\/urologenteam.de\/start\/wp-json\/wp\/v2\/types\/page"}],"author":[{"embeddable":true,"href":"https:\/\/urologenteam.de\/start\/wp-json\/wp\/v2\/users\/1"}],"replies":[{"embeddable":true,"href":"https:\/\/urologenteam.de\/start\/wp-json\/wp\/v2\/comments?post=1078"}],"version-history":[{"count":1,"href":"https:\/\/urologenteam.de\/start\/wp-json\/wp\/v2\/pages\/1078\/revisions"}],"predecessor-version":[{"id":1089,"href":"https:\/\/urologenteam.de\/start\/wp-json\/wp\/v2\/pages\/1078\/revisions\/1089"}],"wp:attachment":[{"href":"https:\/\/urologenteam.de\/start\/wp-json\/wp\/v2\/media?parent=1078"}],"curies":[{"name":"wp","href":"https:\/\/api.w.org\/{rel}","templated":true}]}}