{"id":1076,"date":"2025-01-22T16:31:47","date_gmt":"2025-01-22T16:31:47","guid":{"rendered":"https:\/\/urologenteam.de\/start\/im-notfall"},"modified":"2025-01-22T16:31:58","modified_gmt":"2025-01-22T16:31:58","slug":"im-notfall","status":"publish","type":"page","link":"https:\/\/urologenteam.de\/start\/im-notfall","title":{"rendered":"Im Notfall"},"content":{"rendered":"\n  \n    <section class=\"u-clearfix u-gradient u-section-1\" id=\"sec-6ec3\">\n      <div class=\"u-clearfix u-sheet u-sheet-1\">\n        <div class=\"u-container-style u-group u-palette-1-dark-1 u-shape-rectangle u-group-1\">\n          <div class=\"u-container-layout u-container-layout-1\">\n            <p class=\"u-align-center u-text u-text-default u-text-1\"> Ihre \u00e4rztliche Versorgung&nbsp;ist auch au\u00dferhalb&nbsp;unserer&nbsp;Sprechzeiten sichergestellt.<br>Den \u00e4rztlichen Notdienst erreichen Sie unter der zentralen Rufnummer<br>\n              <span style=\"font-size: 1.875rem;\">116 117<\/span>\n            <\/p>\n          <\/div>\n        <\/div>\n        <div class=\"u-container-style u-group u-palette-1-dark-1 u-shape-rectangle u-group-2\">\n          <div class=\"u-container-layout u-container-layout-2\">\n            <p class=\"u-text u-text-default u-text-2\"> Der \u00e4rztliche Notdienst im<br>Friedrich-Ebert-Krankenhaus (FEK) Neum\u00fcnster<br>ist zu folgenden Zeiten f\u00fcr Sie da:&nbsp;<br>Mo, Di, Do: 19.00 \u2013 22.00<br>Mi, Fr: 16.00 \u2013 21.00<br>Sa, So u. feiertags:&nbsp;&nbsp;9.00 \u2013 14.00 und 16.00 \u2013 21.00\n            <\/p>\n          <\/div>\n        <\/div>\n        <div class=\"u-container-style u-group u-hover-feature u-palette-1-base u-shape-rectangle u-group-3\">\n          <div class=\"u-container-layout u-container-layout-3\">\n            <p class=\"u-align-center u-text u-text-default u-text-3\">In lebensbedrohlichen Notlagen wenden Sie sich umgehend an den Rettungsdienst<br>\n              <span style=\"font-size: 2.25rem;\">112<\/span>\n            <\/p>\n          <\/div>\n        <\/div>\n        <p class=\"u-text u-text-body-alt-color u-text-default u-text-4\"> Alle wichtigen Informationen f\u00fcr Notf\u00e4lle finden Sie auf der Seite des Friedrich-Ebert-Krankenhauses Neum\u00fcnster.&nbsp;<br>Klicken Sie unten auf das Wort \u201eNotfall\u201c.<br>\u00dcber diesen Link gelangen Sie direkt auf die Seite der Klinik.<br>\n          <br>\n          <br>\n        <\/p>\n        <p class=\"u-text u-text-default u-text-5\">\n          <a href=\"https:\/\/www.friedrich-ebert-krankenhaus.de\/notfallinformationen\/\" class=\"u-active-palette-2-base u-border-none u-btn u-button-style u-hover-palette-2-base u-btn-1\" target=\"_blank\">\n            <span class=\"u-icon\">\n              <svg class=\"u-svg-content\" viewBox=\"0 0 512 512\" x=\"0px\" y=\"0px\" style=\"width: 1em; height: 1em;\"><path d=\"m19.98,200.65909l180.67121,0l55.82879,-171.63684l55.82883,171.63684l180.67118,0l-146.16581,106.07619l55.83168,171.63684l-146.16587,-106.07908l-146.16584,106.07908l55.8317,-171.63684l-146.16586,-106.07619z\"><\/path><\/svg>\n            <\/span>&nbsp;Notfall\n          <\/a>\n        <\/p>\n      <\/div>\n      \n    <\/section>\n    <section class=\"u-clearfix u-palette-1-dark-1 u-section-2\" id=\"sec-f3e1\">\n      <div class=\"u-clearfix u-sheet u-sheet-1\"><\/div>\n    <\/section>\n    \n    \n    \n    \n  \n","protected":false},"excerpt":{"rendered":"<p>Ihre \u00e4rztliche Versorgung&nbsp;ist auch au\u00dferhalb&nbsp;unserer&nbsp;Sprechzeiten sichergestellt.Den \u00e4rztlichen Notdienst erreichen Sie unter der zentralen Rufnummer 116 117 Der \u00e4rztliche Notdienst imFriedrich-Ebert-Krankenhaus (FEK) Neum\u00fcnsterist zu folgenden Zeiten f\u00fcr Sie da:&nbsp;Mo, Di, Do: 19.00 \u2013 22.00Mi, Fr: 16.00 \u2013 21.00Sa, So u. feiertags:&nbsp;&nbsp;9.00 \u2013 14.00 und 16.00 \u2013 21.00 In lebensbedrohlichen Notlagen wenden Sie sich umgehend an den &hellip; <a href=\"https:\/\/urologenteam.de\/start\/im-notfall\" class=\"more-link\">Continue reading<span class=\"screen-reader-text\"> &#8222;Im Notfall&#8220;<\/span><\/a><\/p>\n","protected":false},"author":1,"featured_media":0,"parent":0,"menu_order":1,"comment_status":"closed","ping_status":"closed","template":"","meta":{"footnotes":""},"class_list":["post-1076","page","type-page","status-publish","hentry"],"_links":{"self":[{"href":"https:\/\/urologenteam.de\/start\/wp-json\/wp\/v2\/pages\/1076","targetHints":{"allow":["GET"]}}],"collection":[{"href":"https:\/\/urologenteam.de\/start\/wp-json\/wp\/v2\/pages"}],"about":[{"href":"https:\/\/urologenteam.de\/start\/wp-json\/wp\/v2\/types\/page"}],"author":[{"embeddable":true,"href":"https:\/\/urologenteam.de\/start\/wp-json\/wp\/v2\/users\/1"}],"replies":[{"embeddable":true,"href":"https:\/\/urologenteam.de\/start\/wp-json\/wp\/v2\/comments?post=1076"}],"version-history":[{"count":1,"href":"https:\/\/urologenteam.de\/start\/wp-json\/wp\/v2\/pages\/1076\/revisions"}],"predecessor-version":[{"id":1087,"href":"https:\/\/urologenteam.de\/start\/wp-json\/wp\/v2\/pages\/1076\/revisions\/1087"}],"wp:attachment":[{"href":"https:\/\/urologenteam.de\/start\/wp-json\/wp\/v2\/media?parent=1076"}],"curies":[{"name":"wp","href":"https:\/\/api.w.org\/{rel}","templated":true}]}}